{"id":2257,"date":"2025-12-03T10:24:56","date_gmt":"2025-12-03T10:24:56","guid":{"rendered":"https:\/\/myclea.de\/?page_id=2257"},"modified":"2025-12-29T09:37:30","modified_gmt":"2025-12-29T09:37:30","slug":"bize-ulasin","status":"publish","type":"page","link":"https:\/\/myclea.de\/tr\/bize-ulasin\/","title":{"rendered":"Bize ula\u015f\u0131n"},"content":{"rendered":"<style>.kb-row-layout-id2257_4e0cf7-53 > .kt-row-column-wrap{align-content:center;}:where(.kb-row-layout-id2257_4e0cf7-53 > .kt-row-column-wrap) > .wp-block-kadence-column{justify-content:center;}.kb-row-layout-id2257_4e0cf7-53 > .kt-row-column-wrap{column-gap:var(--global-kb-gap-sm, 1rem);row-gap:var(--global-kb-gap-sm, 1rem);max-width:var(--wp--style--global--content-size);padding-bottom:var(--global-kb-spacing-md, 2rem);grid-template-columns:repeat(2, minmax(0, 1fr));}.kb-row-layout-id2257_4e0cf7-53 > .kt-row-layout-overlay{opacity:0.30;}@media all and (max-width: 1024px){.kb-row-layout-id2257_4e0cf7-53 > .kt-row-column-wrap{grid-template-columns:repeat(2, minmax(0, 1fr));}}@media all and (max-width: 767px){.kb-row-layout-id2257_4e0cf7-53 > .kt-row-column-wrap{grid-template-columns:minmax(0, 1fr);}}<\/style><div class=\"kb-row-layout-wrap kb-row-layout-id2257_4e0cf7-53 alignnone wp-block-kadence-rowlayout\"><div class=\"kt-row-column-wrap kt-has-2-columns kt-row-layout-equal kt-tab-layout-inherit kt-mobile-layout-row kt-row-valign-middle kb-theme-content-width\">\n<style>.kadence-column2257_8960a4-e4 > .kt-inside-inner-col,.kadence-column2257_8960a4-e4 > .kt-inside-inner-col:before{border-top-left-radius:0px;border-top-right-radius:0px;border-bottom-right-radius:0px;border-bottom-left-radius:0px;}.kadence-column2257_8960a4-e4 > .kt-inside-inner-col{column-gap:var(--global-kb-gap-sm, 1rem);}.kadence-column2257_8960a4-e4 > .kt-inside-inner-col{flex-direction:column;}.kadence-column2257_8960a4-e4 > .kt-inside-inner-col > .aligncenter{width:100%;}.kadence-column2257_8960a4-e4 > .kt-inside-inner-col:before{opacity:0.3;}.kadence-column2257_8960a4-e4{position:relative;}@media all and (max-width: 1024px){.kadence-column2257_8960a4-e4 > .kt-inside-inner-col{flex-direction:column;justify-content:center;}}@media all and (max-width: 767px){.kadence-column2257_8960a4-e4 > .kt-inside-inner-col{flex-direction:column;justify-content:center;}}<\/style>\n<div class=\"wp-block-kadence-column kadence-column2257_8960a4-e4\"><div class=\"kt-inside-inner-col\"><style>.wp-block-kadence-advancedheading.kt-adv-heading2257_e98f48-a4, .wp-block-kadence-advancedheading.kt-adv-heading2257_e98f48-a4[data-kb-block=\"kb-adv-heading2257_e98f48-a4\"]{padding-top:0px;padding-right:0px;padding-bottom:var(--global-kb-spacing-sm, 1.5rem);padding-left:0px;margin-top:0px;margin-right:0px;margin-bottom:0px;margin-left:0px;text-align:left;font-size:var(--global-kb-font-size-lg, 2rem);line-height:1.2;font-style:normal;}.wp-block-kadence-advancedheading.kt-adv-heading2257_e98f48-a4 mark.kt-highlight, .wp-block-kadence-advancedheading.kt-adv-heading2257_e98f48-a4[data-kb-block=\"kb-adv-heading2257_e98f48-a4\"] mark.kt-highlight{font-style:normal;color:#f76a0c;-webkit-box-decoration-break:clone;box-decoration-break:clone;padding-top:0px;padding-right:0px;padding-bottom:0px;padding-left:0px;}.wp-block-kadence-advancedheading.kt-adv-heading2257_e98f48-a4 img.kb-inline-image, .wp-block-kadence-advancedheading.kt-adv-heading2257_e98f48-a4[data-kb-block=\"kb-adv-heading2257_e98f48-a4\"] img.kb-inline-image{width:150px;vertical-align:baseline;}<\/style>\n<h2 class=\"kt-adv-heading2257_e98f48-a4 wp-block-kadence-advancedheading\" data-kb-block=\"kb-adv-heading2257_e98f48-a4\">Ak\u0131ll\u0131 g\u00fczelli\u011fe giden yolda size e\u015flik ediyoruz<br><\/h2>\n\n\n<style>.wp-block-kadence-advancedheading.kt-adv-heading2257_72b152-15, .wp-block-kadence-advancedheading.kt-adv-heading2257_72b152-15[data-kb-block=\"kb-adv-heading2257_72b152-15\"]{text-align:left;font-size:var(--global-kb-font-size-md, 1.25rem);font-style:normal;}.wp-block-kadence-advancedheading.kt-adv-heading2257_72b152-15 mark.kt-highlight, .wp-block-kadence-advancedheading.kt-adv-heading2257_72b152-15[data-kb-block=\"kb-adv-heading2257_72b152-15\"] mark.kt-highlight{font-style:normal;color:#f76a0c;-webkit-box-decoration-break:clone;box-decoration-break:clone;padding-top:0px;padding-right:0px;padding-bottom:0px;padding-left:0px;}.wp-block-kadence-advancedheading.kt-adv-heading2257_72b152-15 img.kb-inline-image, .wp-block-kadence-advancedheading.kt-adv-heading2257_72b152-15[data-kb-block=\"kb-adv-heading2257_72b152-15\"] img.kb-inline-image{width:150px;vertical-align:baseline;}<\/style>\n<h2 class=\"kt-adv-heading2257_72b152-15 wp-block-kadence-advancedheading\" data-kb-block=\"kb-adv-heading2257_72b152-15\">My Clea&#8217;da her etkile\u015fim, cilt bak\u0131m\u0131m\u0131z\u0131 \u015fekillendiren ilkelere dayan\u0131r:<br><br>Netlik, empati ve kesinlik.<br><br><br>Re\u00e7etelerimizle ilgili bir sorunuz varsa, do\u011fru \u00fcr\u00fcn\u00fc se\u00e7mek i\u00e7in yard\u0131ma ihtiyac\u0131n\u0131z varsa<br><br><br>veya sadece bizimle ileti\u015fime ge\u00e7mek istiyorsan\u0131z \u2013 sizi dikkatle dinler ve uzmanl\u0131\u011f\u0131m\u0131zla yan\u0131t veririz.<\/h2>\n\n\n<style>.wp-block-kadence-advancedheading.kt-adv-heading2257_957427-c5, .wp-block-kadence-advancedheading.kt-adv-heading2257_957427-c5[data-kb-block=\"kb-adv-heading2257_957427-c5\"]{font-style:normal;}.wp-block-kadence-advancedheading.kt-adv-heading2257_957427-c5 mark.kt-highlight, .wp-block-kadence-advancedheading.kt-adv-heading2257_957427-c5[data-kb-block=\"kb-adv-heading2257_957427-c5\"] mark.kt-highlight{font-style:normal;color:#f76a0c;-webkit-box-decoration-break:clone;box-decoration-break:clone;padding-top:0px;padding-right:0px;padding-bottom:0px;padding-left:0px;}.wp-block-kadence-advancedheading.kt-adv-heading2257_957427-c5 img.kb-inline-image, .wp-block-kadence-advancedheading.kt-adv-heading2257_957427-c5[data-kb-block=\"kb-adv-heading2257_957427-c5\"] img.kb-inline-image{width:150px;vertical-align:baseline;}<\/style>\n<p class=\"kt-adv-heading2257_957427-c5 wp-block-kadence-advancedheading\" data-kb-block=\"kb-adv-heading2257_957427-c5\">\ud83d\udce9 E-posta: support@myclea.com<br>\ud83d\udd52 Yan\u0131t s\u00fcresi: 24\u201348 saat i\u00e7inde<br>\ud83c\udf0d Diller: \u0130ngilizce \u2013 Almanca \u2013 Arap\u00e7a<\/p>\n<\/div><\/div>\n\n\n<style>.kadence-column2257_f2d304-d6 > .kt-inside-inner-col,.kadence-column2257_f2d304-d6 > .kt-inside-inner-col:before{border-top-left-radius:0px;border-top-right-radius:0px;border-bottom-right-radius:0px;border-bottom-left-radius:0px;}.kadence-column2257_f2d304-d6 > .kt-inside-inner-col{column-gap:var(--global-kb-gap-sm, 1rem);}.kadence-column2257_f2d304-d6 > .kt-inside-inner-col{flex-direction:column;}.kadence-column2257_f2d304-d6 > .kt-inside-inner-col > .aligncenter{width:100%;}.kadence-column2257_f2d304-d6 > .kt-inside-inner-col:before{opacity:0.3;}.kadence-column2257_f2d304-d6{position:relative;}@media all and (max-width: 1024px){.kadence-column2257_f2d304-d6 > .kt-inside-inner-col{flex-direction:column;justify-content:center;}}@media all and (max-width: 767px){.kadence-column2257_f2d304-d6 > .kt-inside-inner-col{flex-direction:column;justify-content:center;}}<\/style>\n<div class=\"wp-block-kadence-column kadence-column2257_f2d304-d6\"><div class=\"kt-inside-inner-col\"><style>.wp-block-kadence-image.kb-image2257_41bb46-1d:not(.kb-specificity-added):not(.kb-extra-specificity-added){margin-top:0px;margin-right:0px;margin-bottom:0px;margin-left:0px;}.kb-image2257_41bb46-1d:not(.kb-image-is-ratio-size) .kb-img, .kb-image2257_41bb46-1d.kb-image-is-ratio-size{padding-top:0px;padding-right:0px;padding-bottom:0px;padding-left:0px;}.kb-image2257_41bb46-1d .kb-image-has-overlay:after{opacity:0.3;}.kb-image2257_41bb46-1d img.kb-img, .kb-image2257_41bb46-1d .kb-img img{object-position:92% 44%;}<\/style>\n<figure class=\"wp-block-kadence-image kb-image2257_41bb46-1d size-large kb-image-is-ratio-size\"><div class=\"kb-is-ratio-image kb-image-ratio-land43\"><img fetchpriority=\"high\" decoding=\"async\" width=\"1024\" height=\"576\" src=\"https:\/\/myclea.de\/wp-content\/uploads\/2025\/10\/neden-1024x576.jpg\" alt=\"\" class=\"kb-img wp-image-1536\" srcset=\"https:\/\/myclea.de\/wp-content\/uploads\/2025\/10\/neden-1024x576.jpg 1024w, https:\/\/myclea.de\/wp-content\/uploads\/2025\/10\/neden-300x169.jpg 300w, https:\/\/myclea.de\/wp-content\/uploads\/2025\/10\/neden-768x432.jpg 768w, https:\/\/myclea.de\/wp-content\/uploads\/2025\/10\/neden-1536x864.jpg 1536w, https:\/\/myclea.de\/wp-content\/uploads\/2025\/10\/neden-600x338.jpg 600w, https:\/\/myclea.de\/wp-content\/uploads\/2025\/10\/neden.jpg 1920w\" sizes=\"(max-width: 1024px) 100vw, 1024px\" \/><\/div><\/figure>\n<\/div><\/div>\n\n<\/div><\/div>\n\n<style>.kb-row-layout-id2257_afc048-e8 > .kt-row-column-wrap{align-content:start;}:where(.kb-row-layout-id2257_afc048-e8 > .kt-row-column-wrap) > .wp-block-kadence-column{justify-content:start;}.kb-row-layout-id2257_afc048-e8 > .kt-row-column-wrap{column-gap:var(--global-kb-gap-md, 2rem);row-gap:var(--global-kb-gap-md, 2rem);max-width:600px;margin-left:auto;margin-right:auto;padding-top:var(--global-kb-spacing-md, 2rem);grid-template-columns:minmax(0, 1fr);}.kb-row-layout-id2257_afc048-e8 > .kt-row-layout-overlay{opacity:0.30;}@media all and (max-width: 1024px){.kb-row-layout-id2257_afc048-e8 > .kt-row-column-wrap{grid-template-columns:minmax(0, 1fr);}}@media all and (max-width: 767px){.kb-row-layout-id2257_afc048-e8 > .kt-row-column-wrap{grid-template-columns:minmax(0, 1fr);}}<\/style><div class=\"kb-row-layout-wrap kb-row-layout-id2257_afc048-e8 alignnone wp-block-kadence-rowlayout\"><div class=\"kt-row-column-wrap kt-has-1-columns kt-row-layout-equal kt-tab-layout-inherit kt-mobile-layout-row kt-row-valign-top\">\n<style>.kadence-column2257_9b85d8-f3 > .kt-inside-inner-col,.kadence-column2257_9b85d8-f3 > .kt-inside-inner-col:before{border-top-left-radius:0px;border-top-right-radius:0px;border-bottom-right-radius:0px;border-bottom-left-radius:0px;}.kadence-column2257_9b85d8-f3 > .kt-inside-inner-col{column-gap:var(--global-kb-gap-sm, 1rem);}.kadence-column2257_9b85d8-f3 > .kt-inside-inner-col{flex-direction:column;}.kadence-column2257_9b85d8-f3 > .kt-inside-inner-col > .aligncenter{width:100%;}.kadence-column2257_9b85d8-f3 > .kt-inside-inner-col:before{opacity:0.3;}.kadence-column2257_9b85d8-f3{position:relative;}@media all and (max-width: 1024px){.kadence-column2257_9b85d8-f3 > .kt-inside-inner-col{flex-direction:column;justify-content:center;}}@media all and (max-width: 767px){.kadence-column2257_9b85d8-f3 > .kt-inside-inner-col{flex-direction:column;justify-content:center;}}<\/style>\n<div class=\"wp-block-kadence-column kadence-column2257_9b85d8-f3\"><div class=\"kt-inside-inner-col\"><style>.wp-block-kadence-advancedheading.kt-adv-heading2257_526684-b5, .wp-block-kadence-advancedheading.kt-adv-heading2257_526684-b5[data-kb-block=\"kb-adv-heading2257_526684-b5\"]{text-align:center;font-size:var(--global-kb-font-size-lg, 2rem);line-height:1.5;font-style:normal;}.wp-block-kadence-advancedheading.kt-adv-heading2257_526684-b5 mark.kt-highlight, .wp-block-kadence-advancedheading.kt-adv-heading2257_526684-b5[data-kb-block=\"kb-adv-heading2257_526684-b5\"] mark.kt-highlight{font-style:normal;color:#f76a0c;-webkit-box-decoration-break:clone;box-decoration-break:clone;padding-top:0px;padding-right:0px;padding-bottom:0px;padding-left:0px;}.wp-block-kadence-advancedheading.kt-adv-heading2257_526684-b5 img.kb-inline-image, .wp-block-kadence-advancedheading.kt-adv-heading2257_526684-b5[data-kb-block=\"kb-adv-heading2257_526684-b5\"] img.kb-inline-image{width:150px;vertical-align:baseline;}<\/style>\n<h3 class=\"kt-adv-heading2257_526684-b5 wp-block-kadence-advancedheading\" data-kb-block=\"kb-adv-heading2257_526684-b5\">Mesaj\u0131n\u0131z\u0131 bekliyoruz.<\/h3>\n<\/div><\/div>\n\n<\/div><\/div>\n\n<style>.kb-row-layout-id2257_902134-6e > .kt-row-column-wrap{align-content:start;}:where(.kb-row-layout-id2257_902134-6e > .kt-row-column-wrap) > .wp-block-kadence-column{justify-content:start;}.kb-row-layout-id2257_902134-6e > .kt-row-column-wrap{column-gap:var(--global-kb-gap-md, 2rem);row-gap:var(--global-kb-gap-md, 2rem);max-width:800px;margin-left:auto;margin-right:auto;padding-top:var(--global-kb-spacing-sm, 1.5rem);padding-bottom:var(--global-kb-spacing-sm, 1.5rem);grid-template-columns:minmax(0, 1fr);}.kb-row-layout-id2257_902134-6e > .kt-row-layout-overlay{opacity:0.30;}@media all and (max-width: 1024px){.kb-row-layout-id2257_902134-6e > .kt-row-column-wrap{grid-template-columns:minmax(0, 1fr);}}@media all and (max-width: 767px){.kb-row-layout-id2257_902134-6e > .kt-row-column-wrap{grid-template-columns:minmax(0, 1fr);}}<\/style><div class=\"kb-row-layout-wrap kb-row-layout-id2257_902134-6e alignnone wp-block-kadence-rowlayout\"><div class=\"kt-row-column-wrap kt-has-1-columns kt-row-layout-equal kt-tab-layout-inherit kt-mobile-layout-row kt-row-valign-top\">\n<style>.kadence-column2257_669943-3f > .kt-inside-inner-col,.kadence-column2257_669943-3f > .kt-inside-inner-col:before{border-top-left-radius:0px;border-top-right-radius:0px;border-bottom-right-radius:0px;border-bottom-left-radius:0px;}.kadence-column2257_669943-3f > .kt-inside-inner-col{column-gap:var(--global-kb-gap-sm, 1rem);}.kadence-column2257_669943-3f > .kt-inside-inner-col{flex-direction:column;}.kadence-column2257_669943-3f > .kt-inside-inner-col > .aligncenter{width:100%;}.kadence-column2257_669943-3f > .kt-inside-inner-col:before{opacity:0.3;}.kadence-column2257_669943-3f{position:relative;}@media all and (max-width: 1024px){.kadence-column2257_669943-3f > .kt-inside-inner-col{flex-direction:column;justify-content:center;}}@media all and (max-width: 767px){.kadence-column2257_669943-3f > .kt-inside-inner-col{flex-direction:column;justify-content:center;}}<\/style>\n<div class=\"wp-block-kadence-column kadence-column2257_669943-3f\"><div class=\"kt-inside-inner-col\"><div class='fluentform ff-default fluentform_wrapper_4  ff_guten_block ff_guten_block-4 ffs_default_wrap'><form data-form_id=\"4\" id=\"fluentform_4\" class=\"frm-fluent-form fluent_form_4 ff-el-form-top ff_form_instance_4_1 ff-form-loading ffs_default\" data-form_instance=\"ff_form_instance_4_1\" method=\"POST\" ><fieldset  style=\"border: none!important;margin: 0!important;padding: 0!important;background-color: transparent!important;box-shadow: none!important;outline: none!important; min-inline-size: 100%;\">\n                    <legend class=\"ff_screen_reader_title\" style=\"display: block; margin: 0!important;padding: 0!important;height: 0!important;text-indent: -999999px;width: 0!important;overflow:hidden;\">Contact Form T\u00fcrk\u00e7e<\/legend><input type='hidden' name='__fluent_form_embded_post_id' value='2257' \/><input type=\"hidden\" id=\"_fluentform_4_fluentformnonce\" name=\"_fluentform_4_fluentformnonce\" value=\"37aa505ae0\" \/><input type=\"hidden\" name=\"_wp_http_referer\" value=\"\/tr\/wp-json\/wp\/v2\/pages\/2257\" \/><div data-type=\"name-element\" data-name=\"names\" class=\" ff-field_container ff-name-field-wrapper\" ><div class='ff-t-container'><div class='ff-t-cell '><div class='ff-el-group'><div class=\"ff-el-input--label ff-el-is-required asterisk-right\"><label for='ff_4_names_first_name_' id='label_ff_4_names_first_name_' >\u0130sim<\/label><\/div><div class='ff-el-input--content'><input type=\"text\" name=\"names[first_name]\" id=\"ff_4_names_first_name_\" class=\"ff-el-form-control\" placeholder=\"\u0130sim\" aria-invalid=\"false\" aria-required=true><\/div><\/div><\/div><div class='ff-t-cell '><div class='ff-el-group'><div class=\"ff-el-input--label ff-el-is-required asterisk-right\"><label for='ff_4_names_last_name_' id='label_ff_4_names_last_name_' >\u0130kinci isim<\/label><\/div><div class='ff-el-input--content'><input type=\"text\" name=\"names[last_name]\" id=\"ff_4_names_last_name_\" class=\"ff-el-form-control\" placeholder=\"\u0130kinci isim\" aria-invalid=\"false\" aria-required=true><\/div><\/div><\/div><\/div><\/div><div class='ff-el-group'><div class=\"ff-el-input--label ff-el-is-required asterisk-right\"><label for='ff_4_email' id='label_ff_4_email' aria-label=\"E-posta\">E-posta<\/label><\/div><div class='ff-el-input--content'><input type=\"email\" name=\"email\" id=\"ff_4_email\" class=\"ff-el-form-control\" placeholder=\"E-posta\" data-name=\"email\"  aria-invalid=\"false\" aria-required=true><\/div><\/div><div class='ff-el-group'><div class=\"ff-el-input--label asterisk-right\"><label for='ff_4_subject' id='label_ff_4_subject' aria-label=\"Mektubun konusu\">Mektubun konusu<\/label><\/div><div class='ff-el-input--content'><input type=\"text\" name=\"subject\" class=\"ff-el-form-control\" placeholder=\"Mektubun konusu\" data-name=\"subject\" id=\"ff_4_subject\"  aria-invalid=\"false\" aria-required=false><\/div><\/div><div class='ff-el-group'><div class=\"ff-el-input--label ff-el-is-required asterisk-right\"><label for='ff_4_message' id='label_ff_4_message' aria-label=\"Mesaj\">Mesaj<\/label><\/div><div class='ff-el-input--content'><textarea aria-required=\"true\" aria-labelledby=\"label_ff_4_message\" name=\"message\" id=\"ff_4_message\" class=\"ff-el-form-control\" placeholder=\"Mesaj\" rows=\"4\" cols=\"2\" data-name=\"message\" ><\/textarea><\/div><\/div><div class='ff-el-group ff-text-left ff_submit_btn_wrapper'><button type=\"submit\" class=\"ff-btn ff-btn-submit ff-btn-md ff_btn_style\"  aria-label=\"G\u00f6nder\">G\u00f6nder<\/button><\/div><\/fieldset><\/form><div id='fluentform_4_errors' class='ff-errors-in-stack ff_form_instance_4_1 ff-form-loading_errors ff_form_instance_4_1_errors'><\/div><\/div>            <script type=\"text\/javascript\">\n                window.fluent_form_ff_form_instance_4_1 = {\"id\":\"4\",\"ajaxUrl\":\"https:\\\/\\\/myclea.de\\\/wp-admin\\\/admin-ajax.php\",\"settings\":{\"layout\":{\"labelPlacement\":\"top\",\"helpMessagePlacement\":\"with_label\",\"errorMessagePlacement\":\"inline\",\"cssClassName\":\"\",\"asteriskPlacement\":\"asterisk-right\"},\"restrictions\":{\"denyEmptySubmission\":{\"enabled\":false}}},\"form_instance\":\"ff_form_instance_4_1\",\"form_id_selector\":\"fluentform_4\",\"rules\":{\"names[first_name]\":{\"required\":{\"value\":true,\"message\":\"Bu alan zorunludur\",\"global\":false,\"global_message\":\"This field is required\"}},\"names[middle_name]\":{\"required\":{\"value\":false,\"message\":\"This field is required\",\"global\":false,\"global_message\":\"This field is required\"}},\"names[last_name]\":{\"required\":{\"value\":true,\"message\":\"Bu alan zorunludur\",\"global\":false,\"global_message\":\"This field is required\"}},\"email\":{\"required\":{\"value\":true,\"message\":\"Bu alan zorunludur\",\"global\":false,\"global_message\":\"This field is required\"},\"email\":{\"value\":true,\"message\":\"Bu alan ge\\u00e7erli bir e-posta adresi i\\u00e7ermelidir.\",\"global\":false,\"global_message\":\"This field must contain a valid email\"}},\"subject\":{\"required\":{\"value\":false,\"message\":\"This field is required\",\"global\":false,\"global_message\":\"This field is required\"}},\"message\":{\"required\":{\"value\":true,\"message\":\"Bu alan zorunludur\",\"global\":false,\"global_message\":\"This field is required\"}}},\"debounce_time\":300};\n                            <\/script>\n            <\/div><\/div>\n\n<\/div><\/div>\n\n\n<p><\/p>\n","protected":false},"excerpt":{"rendered":"<p>Ak\u0131ll\u0131 g\u00fczelli\u011fe giden yolda size e\u015flik ediyoruz My Clea&#8217;da her etkile\u015fim, cilt bak\u0131m\u0131m\u0131z\u0131 \u015fekillendiren ilkelere dayan\u0131r: Netlik, empati ve kesinlik. Re\u00e7etelerimizle ilgili bir sorunuz varsa, do\u011fru \u00fcr\u00fcn\u00fc se\u00e7mek i\u00e7in yard\u0131ma ihtiyac\u0131n\u0131z varsa veya sadece bizimle ileti\u015fime ge\u00e7mek istiyorsan\u0131z \u2013 sizi dikkatle dinler ve uzmanl\u0131\u011f\u0131m\u0131zla yan\u0131t veririz. \ud83d\udce9 E-posta: support@myclea.com\ud83d\udd52 Yan\u0131t s\u00fcresi: 24\u201348 saat i\u00e7inde\ud83c\udf0d Diller: [&hellip;]<\/p>\n","protected":false},"author":3,"featured_media":0,"parent":0,"menu_order":0,"comment_status":"closed","ping_status":"closed","template":"","meta":{"site-sidebar-layout":"default","site-content-layout":"","ast-site-content-layout":"default","site-content-style":"default","site-sidebar-style":"default","ast-global-header-display":"","ast-banner-title-visibility":"","ast-main-header-display":"","ast-hfb-above-header-display":"","ast-hfb-below-header-display":"","ast-hfb-mobile-header-display":"","site-post-title":"disabled","ast-breadcrumbs-content":"","ast-featured-img":"","footer-sml-layout":"","ast-disable-related-posts":"","theme-transparent-header-meta":"","adv-header-id-meta":"","stick-header-meta":"","header-above-stick-meta":"","header-main-stick-meta":"","header-below-stick-meta":"","astra-migrate-meta-layouts":"set","ast-page-background-enabled":"default","ast-page-background-meta":{"desktop":{"background-color":"var(--ast-global-color-4)","background-image":"","background-repeat":"repeat","background-position":"center center","background-size":"auto","background-attachment":"scroll","background-type":"","background-media":"","overlay-type":"","overlay-color":"","overlay-opacity":"","overlay-gradient":""},"tablet":{"background-color":"","background-image":"","background-repeat":"repeat","background-position":"center center","background-size":"auto","background-attachment":"scroll","background-type":"","background-media":"","overlay-type":"","overlay-color":"","overlay-opacity":"","overlay-gradient":""},"mobile":{"background-color":"","background-image":"","background-repeat":"repeat","background-position":"center center","background-size":"auto","background-attachment":"scroll","background-type":"","background-media":"","overlay-type":"","overlay-color":"","overlay-opacity":"","overlay-gradient":""}},"ast-content-background-meta":{"desktop":{"background-color":"var(--ast-global-color-5)","background-image":"","background-repeat":"repeat","background-position":"center center","background-size":"auto","background-attachment":"scroll","background-type":"","background-media":"","overlay-type":"","overlay-color":"","overlay-opacity":"","overlay-gradient":""},"tablet":{"background-color":"var(--ast-global-color-5)","background-image":"","background-repeat":"repeat","background-position":"center center","background-size":"auto","background-attachment":"scroll","background-type":"","background-media":"","overlay-type":"","overlay-color":"","overlay-opacity":"","overlay-gradient":""},"mobile":{"background-color":"var(--ast-global-color-5)","background-image":"","background-repeat":"repeat","background-position":"center center","background-size":"auto","background-attachment":"scroll","background-type":"","background-media":"","overlay-type":"","overlay-color":"","overlay-opacity":"","overlay-gradient":""}},"footnotes":""},"class_list":["post-2257","page","type-page","status-publish","hentry"],"_links":{"self":[{"href":"https:\/\/myclea.de\/tr\/wp-json\/wp\/v2\/pages\/2257","targetHints":{"allow":["GET"]}}],"collection":[{"href":"https:\/\/myclea.de\/tr\/wp-json\/wp\/v2\/pages"}],"about":[{"href":"https:\/\/myclea.de\/tr\/wp-json\/wp\/v2\/types\/page"}],"author":[{"embeddable":true,"href":"https:\/\/myclea.de\/tr\/wp-json\/wp\/v2\/users\/3"}],"replies":[{"embeddable":true,"href":"https:\/\/myclea.de\/tr\/wp-json\/wp\/v2\/comments?post=2257"}],"version-history":[{"count":2,"href":"https:\/\/myclea.de\/tr\/wp-json\/wp\/v2\/pages\/2257\/revisions"}],"predecessor-version":[{"id":2273,"href":"https:\/\/myclea.de\/tr\/wp-json\/wp\/v2\/pages\/2257\/revisions\/2273"}],"wp:attachment":[{"href":"https:\/\/myclea.de\/tr\/wp-json\/wp\/v2\/media?parent=2257"}],"curies":[{"name":"wp","href":"https:\/\/api.w.org\/{rel}","templated":true}]}}