{"id":2272,"date":"2025-12-28T10:51:11","date_gmt":"2025-12-28T10:51:11","guid":{"rendered":"https:\/\/myclea.de\/shop\/koyu-halkalar-ve-siskinlikleri-tedavi-etmek-icin-goez-kremi\/"},"modified":"2025-12-28T10:51:11","modified_gmt":"2025-12-28T10:51:11","slug":"koyu-halkalar-ve-siskinlikleri-tedavi-etmek-icin-goez-kremi","status":"publish","type":"product","link":"https:\/\/myclea.de\/tr\/shop\/koyu-halkalar-ve-siskinlikleri-tedavi-etmek-icin-goez-kremi\/","title":{"rendered":"Koyu halkalar ve \u015fi\u015fkinlikleri tedavi etmek i\u00e7in g\u00f6z kremi"},"content":{"rendered":"<p>My Clea&#8217;s Pearl Eye ile yorgun g\u00f6zlere veda edin \u2013 koyu halkalar ve \u015fi\u015fkinlikler i\u00e7in g\u00f6z kremi.<br \/>\n\u00d6zel olarak geli\u015ftirilmi\u015f bu form\u00fcl, g\u00f6z alt\u0131ndaki koyu halkalar ve \u015fi\u015fkinliklerle m\u00fccadele ederek g\u00f6z \u00e7evresindeki hassas cildin do\u011fal parlakl\u0131\u011f\u0131n\u0131 ve canl\u0131l\u0131\u011f\u0131n\u0131 geri kazand\u0131r\u0131r.<br \/>\nSon derece etkili bile\u015fenleri sayesinde Pearl Eye, \u201cpanda g\u00f6zleri\u201d olarak bilinen durumu g\u00f6zle g\u00f6r\u00fcl\u00fcr \u015fekilde azalt\u0131r ve g\u00f6z \u00e7evresine daha p\u00fcr\u00fczs\u00fcz ve parlak bir g\u00f6r\u00fcn\u00fcm kazand\u0131r\u0131r. <br \/>Krem hafiftir ve h\u0131zla emilir, ancak ya\u011fl\u0131 bir his b\u0131rakmadan yo\u011fun nemlendirme sa\u011flar.<br \/>\nD\u00fczenli kullan\u0131mda, g\u00f6z alt\u0131ndaki cilt daha parlak, daha az \u015fi\u015fkin ve daha dinlenmi\u015f g\u00f6r\u00fcn\u00fcr.<br \/>\nDermatologlar taraf\u0131ndan test edilmi\u015ftir \u2013 t\u00fcm cilt tipleri i\u00e7in g\u00fcvenli ve etkilidir.<br \/>\nKoyu halkalara ve \u015fi\u015fkinli\u011fe veda edin, parlak ve gen\u00e7 g\u00f6zlere merhaba deyin!<br \/>\nKullan\u0131m \u015fekli:<br \/>Temiz g\u00f6z \u00e7evresine az miktarda uygulay\u0131n.<br \/>Krem tamamen emilene kadar parmak u\u00e7lar\u0131n\u0131zla nazik\u00e7e masaj yap\u0131n.<br \/>En iyi sonu\u00e7lar i\u00e7in sabah ve\/veya ak\u015fam g\u00fcnl\u00fck olarak kullan\u0131n.  <\/p>\n","protected":false},"excerpt":{"rendered":"<p>Temel faydalar:<br \/>G\u00f6z \u00e7evresindeki koyu halkalar\u0131 ve \u015fi\u015flikleri g\u00f6zle g\u00f6r\u00fcl\u00fcr \u015fekilde azalt\u0131r.<br \/>G\u00f6z \u00e7evresini daha parlak, canl\u0131 ve tazelenmi\u015f g\u00f6sterir.<br \/>Nazik ama etkili bir nemlendirme sa\u011flar.<br \/>T\u00fcm cilt tipleri i\u00e7in uygundur.<br \/>Dermatolojik olarak test edilmi\u015ftir.<br \/>15 ml \/ 0,50 fl oz<\/p>\n","protected":false},"featured_media":2269,"comment_status":"open","ping_status":"closed","template":"","meta":{"site-sidebar-layout":"default","site-content-layout":"default","ast-site-content-layout":"default","site-content-style":"default","site-sidebar-style":"default","ast-global-header-display":"","ast-banner-title-visibility":"","ast-main-header-display":"","ast-hfb-above-header-display":"","ast-hfb-below-header-display":"","ast-hfb-mobile-header-display":"","site-post-title":"disabled","ast-breadcrumbs-content":"","ast-featured-img":"disabled","footer-sml-layout":"","ast-disable-related-posts":"","theme-transparent-header-meta":"default","adv-header-id-meta":"","stick-header-meta":"","header-above-stick-meta":"","header-main-stick-meta":"","header-below-stick-meta":"","astra-migrate-meta-layouts":"default","ast-page-background-enabled":"default","ast-page-background-meta":{"desktop":{"background-color":"var(--ast-global-color-4)","background-image":"","background-repeat":"repeat","background-position":"center center","background-size":"auto","background-attachment":"scroll","background-type":"","background-media":"","overlay-type":"","overlay-color":"","overlay-opacity":"","overlay-gradient":""},"tablet":{"background-color":"","background-image":"","background-repeat":"repeat","background-position":"center center","background-size":"auto","background-attachment":"scroll","background-type":"","background-media":"","overlay-type":"","overlay-color":"","overlay-opacity":"","overlay-gradient":""},"mobile":{"background-color":"","background-image":"","background-repeat":"repeat","background-position":"center center","background-size":"auto","background-attachment":"scroll","background-type":"","background-media":"","overlay-type":"","overlay-color":"","overlay-opacity":"","overlay-gradient":""}},"ast-content-background-meta":{"desktop":{"background-color":"var(--ast-global-color-5)","background-image":"","background-repeat":"repeat","background-position":"center center","background-size":"auto","background-attachment":"scroll","background-type":"","background-media":"","overlay-type":"","overlay-color":"","overlay-opacity":"","overlay-gradient":""},"tablet":{"background-color":"var(--ast-global-color-5)","background-image":"","background-repeat":"repeat","background-position":"center center","background-size":"auto","background-attachment":"scroll","background-type":"","background-media":"","overlay-type":"","overlay-color":"","overlay-opacity":"","overlay-gradient":""},"mobile":{"background-color":"var(--ast-global-color-5)","background-image":"","background-repeat":"repeat","background-position":"center center","background-size":"auto","background-attachment":"scroll","background-type":"","background-media":"","overlay-type":"","overlay-color":"","overlay-opacity":"","overlay-gradient":""}}},"product_brand":[],"product_cat":[70],"product_tag":[],"class_list":{"0":"post-2272","1":"product","2":"type-product","3":"status-publish","4":"has-post-thumbnail","6":"product_cat-kategorize-edilmemis","7":"desktop-align-left","8":"tablet-align-left","9":"mobile-align-left","11":"first","12":"instock","13":"sale","14":"featured","15":"taxable","16":"shipping-taxable","17":"purchasable","18":"product-type-simple"},"_links":{"self":[{"href":"https:\/\/myclea.de\/tr\/wp-json\/wp\/v2\/product\/2272","targetHints":{"allow":["GET"]}}],"collection":[{"href":"https:\/\/myclea.de\/tr\/wp-json\/wp\/v2\/product"}],"about":[{"href":"https:\/\/myclea.de\/tr\/wp-json\/wp\/v2\/types\/product"}],"replies":[{"embeddable":true,"href":"https:\/\/myclea.de\/tr\/wp-json\/wp\/v2\/comments?post=2272"}],"version-history":[{"count":0,"href":"https:\/\/myclea.de\/tr\/wp-json\/wp\/v2\/product\/2272\/revisions"}],"wp:featuredmedia":[{"embeddable":true,"href":"https:\/\/myclea.de\/tr\/wp-json\/wp\/v2\/media\/2269"}],"wp:attachment":[{"href":"https:\/\/myclea.de\/tr\/wp-json\/wp\/v2\/media?parent=2272"}],"wp:term":[{"taxonomy":"product_brand","embeddable":true,"href":"https:\/\/myclea.de\/tr\/wp-json\/wp\/v2\/product_brand?post=2272"},{"taxonomy":"product_cat","embeddable":true,"href":"https:\/\/myclea.de\/tr\/wp-json\/wp\/v2\/product_cat?post=2272"},{"taxonomy":"product_tag","embeddable":true,"href":"https:\/\/myclea.de\/tr\/wp-json\/wp\/v2\/product_tag?post=2272"}],"curies":[{"name":"wp","href":"https:\/\/api.w.org\/{rel}","templated":true}]}}